{"id":16,"date":"2023-07-09T09:20:22","date_gmt":"2023-07-09T08:20:22","guid":{"rendered":"https:\/\/vishwanadh.com\/?page_id=16&#038;lang=te"},"modified":"2023-07-22T05:03:13","modified_gmt":"2023-07-21T23:33:13","slug":"project","status":"publish","type":"page","link":"https:\/\/vishwanadh.com\/?page_id=16","title":{"rendered":"Projects"},"content":{"rendered":"\n<p>To view the Project(s) please drop drown from Project menu on the menu bar.  Or else click the hyperlink on the project name below.<\/p>\n\n\n\n<p>Project 1: <a href=\"https:\/\/vishwanadh.com\/?page_id=35\" data-type=\"URL\" data-id=\"https:\/\/vishwanadh.com\/?page_id=35\">Indian Knowledge Systems<\/a><\/p>\n\n\n\n<figure class=\"wp-block-embed is-type-video is-provider-youtube wp-block-embed-youtube wp-embed-aspect-16-9 wp-has-aspect-ratio\"><div class=\"wp-block-embed__wrapper\">\n<iframe loading=\"lazy\" title=\"San\u0101tana Vidy\u0101 Traditions - Dar\u015bana-s : Quick Review\" width=\"1200\" height=\"675\" src=\"https:\/\/www.youtube.com\/embed\/Pnh_sTFthgc?feature=oembed\" frameborder=\"0\" allow=\"accelerometer; autoplay; clipboard-write; encrypted-media; gyroscope; picture-in-picture; web-share\" allowfullscreen><\/iframe>\n<\/div><figcaption class=\"wp-element-caption\">Quick Review &#8211; 3 min silent (muted) video to give a glimpse of the visualization<\/figcaption><\/figure>\n","protected":false},"excerpt":{"rendered":"<p><!-- wp:paragraph --><\/p>\n<p>To view the Project(s) please drop drown from Project menu on the menu bar.  Or else click the hyperlink on the project name below.<\/p>\n<p><!-- \/wp:paragraph --><\/p>\n<p><!-- wp:paragraph --><\/p>\n<p>Project 1: <a href=\"https:\/\/vishwanadh.c...\n<\/p>\n","protected":false},"author":1,"featured_media":0,"parent":0,"menu_order":0,"comment_status":"closed","ping_status":"closed","template":"","meta":{"footnotes":""},"class_list":["post-16","page","type-page","status-publish"],"jetpack_sharing_enabled":true,"_links":{"self":[{"href":"https:\/\/vishwanadh.com\/index.php?rest_route=\/wp\/v2\/pages\/16"}],"collection":[{"href":"https:\/\/vishwanadh.com\/index.php?rest_route=\/wp\/v2\/pages"}],"about":[{"href":"https:\/\/vishwanadh.com\/index.php?rest_route=\/wp\/v2\/types\/page"}],"author":[{"embeddable":true,"href":"https:\/\/vishwanadh.com\/index.php?rest_route=\/wp\/v2\/users\/1"}],"replies":[{"embeddable":true,"href":"https:\/\/vishwanadh.com\/index.php?rest_route=%2Fwp%2Fv2%2Fcomments&post=16"}],"version-history":[{"count":19,"href":"https:\/\/vishwanadh.com\/index.php?rest_route=\/wp\/v2\/pages\/16\/revisions"}],"predecessor-version":[{"id":1226,"href":"https:\/\/vishwanadh.com\/index.php?rest_route=\/wp\/v2\/pages\/16\/revisions\/1226"}],"wp:attachment":[{"href":"https:\/\/vishwanadh.com\/index.php?rest_route=%2Fwp%2Fv2%2Fmedia&parent=16"}],"curies":[{"name":"wp","href":"https:\/\/api.w.org\/{rel}","templated":true}]}}