{"id":17,"date":"2023-07-09T09:20:22","date_gmt":"2023-07-09T08:20:22","guid":{"rendered":"https:\/\/vishwanadh.com\/?page_id=17&#038;lang=te"},"modified":"2023-08-14T18:11:38","modified_gmt":"2023-08-14T12:41:38","slug":"home","status":"publish","type":"page","link":"https:\/\/vishwanadh.com\/","title":{"rendered":"Home"},"content":{"rendered":"\n<hr class=\"wp-block-separator has-alpha-channel-opacity\"\/>\n\n\n\n<p class=\"has-text-align-center\"><strong><em>\u092e\u0902\u0917\u0933\u093e\u091a\u0930\u0923\u092e\u094d\u200c<\/em><\/strong><br \/>\u0926\u093f\u0915\u094d\u0915\u093e\u0932\u093e\u0926\u094d\u092f\u0928\u0935\u091a\u094d\u091b\u093f\u0928\u094d\u0928\u093e\u0928\u094d\u0924\u091a\u093f\u0928\u094d\u092e\u093e\u0924\u094d\u0930\u092e\u0942\u0930\u094d\u0924\u092f\u0947 \u0964<br \/>\u0938\u094d\u0935\u093e\u0928\u0941\u092d\u0942\u0924\u094d\u092f\u0947\u0915\u092e\u093e\u0928\u093e\u092f \u0928\u092e\u0903 \u0936\u093e\u0928\u094d\u0924\u093e\u092f \u0924\u0947\u091c\u0938\u0947 \u0965<br \/>(\u092d\u0930\u094d\u0924\u0943\u0939\u0930\u093f &#8211; \u0924\u094d\u0930\u093f\u0936\u0924\u093f)<\/p>\n\n\n\n<p class=\"has-text-align-center\"><strong><em>ma\u1e43ga\u1e3b\u0101cara\u1e47am\u200c<\/em><\/strong><br \/><em>dikk\u0101l\u0101dyanavacchinn\u0101ntacinm\u0101tram\u016brtaye \u0964<br \/>sv\u0101nubh\u016btyekam\u0101n\u0101ya nama\u1e25 \u015b\u0101nt\u0101ya tejase<\/em> \u0965<br \/>(<em>Bhart\u1e5bhari<\/em> &#8211; <em>Tri\u015bati<\/em>)<\/p>\n\n\n\n<p><strong>Meaning<\/strong> (approximate): Salutations to the tranquil, luminous form of knowledge (<em>Brahman<\/em>) who has no limits of time and space and who can only be known through itself (cognition). <\/p>\n\n\n\n<hr class=\"wp-block-separator has-alpha-channel-opacity\"\/>\n\n\n\n<p>Welcome!   <\/p>\n\n\n\n<p>Through this website I am jotting down my new learning(s) and perspective(s) so it will be easy for review, retrieval and update as I progress in my learning journey. If this is of use for some, I will feel blessed.<\/p>\n\n\n\n<p>Please note pages under project are generated by honest and serious effort whereas posts on blog section are my personal opinions \/ views. It is okay if you are not in agreement. Your comments are welcome, if they are allowed on the posts. Unfortunately, I may not be able to respond to all, but surely will be able to take cognizance of your feedback \/ query.<\/p>\n\n\n\n<p>If you have accidentally landed here, you are welcome to explore my pages \/ posts.  <\/p>\n\n\n\n<p>Happy exploring!<\/p>\n","protected":false},"excerpt":{"rendered":"<p><!-- wp:separator --><\/p>\n<hr class=\"wp-block-separator has-alpha-channel-opacity\"\/>\n<!-- \/wp:separator --><\/p>\n<p><!-- wp:paragraph {\"align\":\"center\"} --><\/p>\n<p class=\"has-text-align-center\"><strong><em>\u092e\u0902\u0917\u0933\u093e\u091a\u0930\u0923\u092e\u094d\u200c<\/em><\/strong><br \/>\u0926\u093f\u0915\u094d\u0915\u093e\u0932\u093e\u0926\u094d\u092f\u0928\u0935\u091a\u094d\u091b\u093f\u0928\u094d\u0928\u093e\u0928\u094d\u0924\u091a\u093f\u0928\u094d\u092e\u093e&#8230;<\/p>\n","protected":false},"author":1,"featured_media":0,"parent":0,"menu_order":0,"comment_status":"closed","ping_status":"closed","template":"","meta":{"footnotes":""},"class_list":["post-17","page","type-page","status-publish"],"jetpack_sharing_enabled":true,"_links":{"self":[{"href":"https:\/\/vishwanadh.com\/index.php?rest_route=\/wp\/v2\/pages\/17"}],"collection":[{"href":"https:\/\/vishwanadh.com\/index.php?rest_route=\/wp\/v2\/pages"}],"about":[{"href":"https:\/\/vishwanadh.com\/index.php?rest_route=\/wp\/v2\/types\/page"}],"author":[{"embeddable":true,"href":"https:\/\/vishwanadh.com\/index.php?rest_route=\/wp\/v2\/users\/1"}],"replies":[{"embeddable":true,"href":"https:\/\/vishwanadh.com\/index.php?rest_route=%2Fwp%2Fv2%2Fcomments&post=17"}],"version-history":[{"count":38,"href":"https:\/\/vishwanadh.com\/index.php?rest_route=\/wp\/v2\/pages\/17\/revisions"}],"predecessor-version":[{"id":1524,"href":"https:\/\/vishwanadh.com\/index.php?rest_route=\/wp\/v2\/pages\/17\/revisions\/1524"}],"wp:attachment":[{"href":"https:\/\/vishwanadh.com\/index.php?rest_route=%2Fwp%2Fv2%2Fmedia&parent=17"}],"curies":[{"name":"wp","href":"https:\/\/api.w.org\/{rel}","templated":true}]}}